{"id":2,"date":"2024-01-16T12:29:17","date_gmt":"2024-01-16T12:29:17","guid":{"rendered":"https:\/\/crophil.ifzg.hr\/?page_id=2"},"modified":"2024-03-05T14:12:24","modified_gmt":"2024-03-05T14:12:24","slug":"sample-page","status":"publish","type":"page","link":"https:\/\/crophil.ifzg.hr\/","title":{"rendered":"O projektu"},"content":{"rendered":"\n<div class=\"wp-block-columns is-layout-flex wp-container-core-columns-is-layout-28f84493 wp-block-columns-is-layout-flex\">\n<div class=\"wp-block-column is-layout-flow wp-block-column-is-layout-flow\"><h2 class=\"wp-block-post-title\">O projektu<\/h2><\/div>\n\n\n\n<div class=\"wp-block-column is-layout-flow wp-block-column-is-layout-flow\">\n<div class=\"wp-block-buttons is-content-justification-right is-layout-flex wp-container-core-buttons-is-layout-d445cf74 wp-block-buttons-is-layout-flex\">\n<div class=\"wp-block-button\"><a class=\"wp-block-button__link wp-element-button\" href=\"https:\/\/crophil.ifzg.hr\/index.php\/on_the_project\">On the project<\/a><\/div>\n<\/div>\n<\/div>\n<\/div>\n\n\n\n<p>Dosad objavljeni rezultati predstavljaju dobru podlogu za daljnja istra\u017eivanja hrvatske filozofije izme\u0111u 1874. i 1945. godine, no ne daju cjelovitu sliku. U projektu \u0107e se obraditi teme koje nisu bile predmetom ni istra\u017eivanja ni valoriziranja. Po\u010detak je 1874. godina kad je osnovano moderno Sveu\u010dili\u0161te u Zagrebu i kad je s radom zapo\u010deo Mudroslovni (dana\u0161nji Filozofski) fakultet u \u010dijem je sastavu djelovala i katedra za filozofiju na kojoj su predavali filozofi koji su zaslu\u017eni za razvoj moderne filozofske misli u nas. Tad se javljaju prve filozofkinje u Hrvatskoj (Ku\u010dera, Rossi, Ebenspanger) koje su u svojim radovima pratile trendove u europskim filozofskim kretanjima.<\/p>\n\n\n\n<figure class=\"wp-block-image aligncenter size-full\"><img loading=\"lazy\" decoding=\"async\" width=\"861\" height=\"447\" src=\"https:\/\/crophil.ifzg.hr\/wp-content\/uploads\/2024\/01\/svi.jpg\" alt=\"\" class=\"wp-image-127\" srcset=\"https:\/\/crophil.ifzg.hr\/wp-content\/uploads\/2024\/01\/svi.jpg 861w, https:\/\/crophil.ifzg.hr\/wp-content\/uploads\/2024\/01\/svi-300x156.jpg 300w, https:\/\/crophil.ifzg.hr\/wp-content\/uploads\/2024\/01\/svi-768x399.jpg 768w\" sizes=\"auto, (max-width: 861px) 100vw, 861px\" \/><\/figure>\n\n\n\n<p>Godina s kojom zavr\u0161ava projekt jest 1945. kada u sredi\u0161te prou\u010davanja i podu\u010davanja dolazi marksisti\u010dka filozofija s \u010dime zapo\u010dinje nova era u filozofskom \u017eivotu Hrvatske. Premda se radi o kratkom razdoblju od 71 godine u kojem su se na malom prostoru vjerojatno svi filozofi me\u0111usobno poznavali i komunicirali, ipak je vladala raznolikost filozofskih pristupa i \u0161kola.<\/p>\n\n\n\n<p>Isti\u010du se: novoskolastika, utjecaj razvoja prirodnih i dru\u0161tvenih znanosti, a posebice psihologije na filozofiju, novokantovstvo, herbartizam i njema\u010dki idealizam. Svakako je va\u017eno naglasiti da se u to doba po\u010dinje sustavno stvarati filozofija na hrvatskom jeziku \u0161to je prije toga bila rijetkost. Paralelno s time po\u010dinje se razvijati i hrvatska znanstveno-filozofska terminologija.<\/p>\n\n\n\n<p>Unutar projekta istra\u017eit \u0107emo osam dosad neobra\u0111enih tema:<\/p>\n\n\n\n<ol class=\"wp-block-list\">\n<li>filozofsko-odgojne teme;<\/li>\n\n\n\n<li>odnos psihologije i filozofije;<\/li>\n\n\n\n<li>po\u010deci feministi\u010dke filozofije me\u0111u hrvatskim filozofkinjama i intelektualkama;<\/li>\n\n\n\n<li>esteti\u010dke teme;<\/li>\n\n\n\n<li>spoznajna teorija kod Hijacinta Bo\u0161kovi\u0107a;<\/li>\n\n\n\n<li>metafizika Gjure Arnolda;<\/li>\n\n\n\n<li>Zimmermannova etika i noetika;<\/li>\n\n\n\n<li>polemika izme\u0111u Krune Krsti\u0107a i Stjepana Zimmermanna.<\/li>\n<\/ol>\n","protected":false},"excerpt":{"rendered":"<p>Dosad objavljeni rezultati predstavljaju dobru podlogu za daljnja istra\u017eivanja hrvatske filozofije izme\u0111u 1874. i 1945. godine, no ne daju cjelovitu sliku. U projektu \u0107e se obraditi teme koje nisu bile predmetom ni istra\u017eivanja ni valoriziranja. Po\u010detak je 1874. godina kad je osnovano moderno Sveu\u010dili\u0161te u Zagrebu i kad je s radom zapo\u010deo Mudroslovni (dana\u0161nji Filozofski) [&hellip;]<\/p>\n","protected":false},"author":1,"featured_media":0,"parent":0,"menu_order":0,"comment_status":"closed","ping_status":"closed","template":"","meta":{"footnotes":""},"class_list":["post-2","page","type-page","status-publish","hentry"],"_links":{"self":[{"href":"https:\/\/crophil.ifzg.hr\/index.php\/wp-json\/wp\/v2\/pages\/2","targetHints":{"allow":["GET"]}}],"collection":[{"href":"https:\/\/crophil.ifzg.hr\/index.php\/wp-json\/wp\/v2\/pages"}],"about":[{"href":"https:\/\/crophil.ifzg.hr\/index.php\/wp-json\/wp\/v2\/types\/page"}],"author":[{"embeddable":true,"href":"https:\/\/crophil.ifzg.hr\/index.php\/wp-json\/wp\/v2\/users\/1"}],"replies":[{"embeddable":true,"href":"https:\/\/crophil.ifzg.hr\/index.php\/wp-json\/wp\/v2\/comments?post=2"}],"version-history":[{"count":53,"href":"https:\/\/crophil.ifzg.hr\/index.php\/wp-json\/wp\/v2\/pages\/2\/revisions"}],"predecessor-version":[{"id":377,"href":"https:\/\/crophil.ifzg.hr\/index.php\/wp-json\/wp\/v2\/pages\/2\/revisions\/377"}],"wp:attachment":[{"href":"https:\/\/crophil.ifzg.hr\/index.php\/wp-json\/wp\/v2\/media?parent=2"}],"curies":[{"name":"wp","href":"https:\/\/api.w.org\/{rel}","templated":true}]}}