{"id":271,"date":"2024-01-19T12:57:16","date_gmt":"2024-01-19T12:57:16","guid":{"rendered":"https:\/\/crophil.ifzg.hr\/?page_id=271"},"modified":"2026-02-06T11:15:16","modified_gmt":"2026-02-06T11:15:16","slug":"publikacije","status":"publish","type":"page","link":"https:\/\/crophil.ifzg.hr\/index.php\/publikacije\/","title":{"rendered":"Publikacije"},"content":{"rendered":"\n<div class=\"wp-block-columns is-layout-flex wp-container-core-columns-is-layout-28f84493 wp-block-columns-is-layout-flex\">\n<div class=\"wp-block-column is-layout-flow wp-block-column-is-layout-flow\"><h2 class=\"wp-block-post-title\">Publikacije<\/h2><\/div>\n\n\n\n<div class=\"wp-block-column is-layout-flow wp-block-column-is-layout-flow\">\n<div class=\"wp-block-buttons is-content-justification-right is-layout-flex wp-container-core-buttons-is-layout-d445cf74 wp-block-buttons-is-layout-flex\">\n<div class=\"wp-block-button\"><a class=\"wp-block-button__link wp-element-button\" href=\"https:\/\/crophil.ifzg.hr\/index.php\/publications\/\" target=\"_blank\" rel=\"noreferrer noopener\">Publications<\/a><\/div>\n<\/div>\n<\/div>\n<\/div>\n\n\n\n<p>Ivan Macut, <em><a href=\"https:\/\/www.ifzg.hr\/proizvod\/albino_nagy\/\" target=\"_blank\" rel=\"noreferrer noopener\">Albino Nagy<\/a><\/em>, Institut za filozofiju, Zagreb, 2025.<\/p>\n\n\n\n<p>Dario \u0160karica, <a href=\"https:\/\/hrcak.srce.hr\/file\/493006\" data-type=\"link\" data-id=\"https:\/\/hrcak.srce.hr\/file\/493006\" target=\"_blank\" rel=\"noreferrer noopener\">\u00bbMercierova formulacija spoznajnog problema\u00ab<\/a>, <em>Crkva u svijetu<\/em>\u00a060(4) (2025), 679\u2013700.<\/p>\n\n\n\n<p>Ivan Macut, Ivana Skuhala Karasman, <a href=\"https:\/\/hrcak.srce.hr\/file\/492394\" data-type=\"link\" data-id=\"https:\/\/hrcak.srce.hr\/file\/492394\" target=\"_blank\" rel=\"noreferrer noopener\">\u00bbBergsonova koncepcija kr\u0161\u0107anstva u interpretaciji hrvatskoga filozofa \u0110ure Gra\u010danina\u00ab<\/a>, <em>Obnovljeni \u017divot: \u010dasopis za filozofiju i religijske znanosti<\/em>\u00a081(1) (2026), 31\u201341.<\/p>\n\n\n\n<p>Ivan Macut, \u201cArgumentation of the Philosopher Franjo \u0160anc&nbsp;on the Problem of Evil in the World\u201d, <em>Bogoslovni vestnik<\/em>&nbsp;\/ <em>Theological Quarterly<\/em>&nbsp;85\/2 (2025), 239\u2013249.<\/p>\n\n\n\n<p>Ivan Macut, <em><a href=\"https:\/\/content.ifzg.hr\/poveznice\/Filozofska_bibliografija-1-18.pdf\" target=\"_blank\" rel=\"noreferrer noopener\">Filozofska bibliografija u izabranoj hrvatskoj periodici od 1874. do 1991. godine<\/a><\/em>, Institut za filozofiju, Zagreb, 2025. <\/p>\n\n\n\n<p>Ana Grgi\u0107, <a href=\"https:\/\/crophil.ifzg.hr\/wp-content\/uploads\/2025\/08\/Ana_Grgic-Recepcija_Franje_Markovica_kao_filozofa_od_1884._do_1982._godine.pdf\" target=\"_blank\" rel=\"noreferrer noopener\">\u00bbRecepcija Franje Markovi\u0107a kao filozofa od 1884. do 1982. godine\u00ab<\/a>, <em>Obnovljeni \u017eivot<\/em> 80(3) (2025) 367\u2013378.<\/p>\n\n\n\n<p>Ivan Macut, <a href=\"https:\/\/crophil.ifzg.hr\/wp-content\/uploads\/2025\/08\/Ivan_Macut-Moralna_filozofija_Stjepana_Zimmermanna.pdf\" target=\"_blank\" rel=\"noreferrer noopener\">\u00bbMoralna filozofija Stjepana Zimmermanna: od spekulativne teorije prema \u017eivljenoj praksi\u00ab<\/a>, <em>JAHR<\/em> 16\/1(31) (2025), 99\u2013115.<\/p>\n\n\n\n<p>Ivan Macut, \u00bb<em>In memoriam<\/em>&nbsp;u \u010dast Albina Nagya (1. lipnja 1901.)\u00ab, <em>Prilozi za istra\u017eivanje hrvatske filozofske ba\u0161tine<\/em>&nbsp;51\/1(101) (2025), 131\u2013150.<\/p>\n\n\n\n<p>Ivan Macut, \u00bbPrilog za izradu cjelovite bibliografije Alberta Bazale (1877. \u2013 1947.)\u00ab, <em>Prilozi za istra\u017eivanje hrvatske filozofske ba\u0161tine<\/em>&nbsp;51\/1(101) (2025), 151\u2013156.<\/p>\n\n\n\n<p>Ivan Macut, <a href=\"https:\/\/crophil.ifzg.hr\/wp-content\/uploads\/2025\/04\/Macut-Filozof_Stjepan_Zimmermann_o_Katolickoj_crkvi.pdf\" target=\"_blank\" rel=\"noreferrer noopener\">\u00bbFilozof Stjepan Zimmermann o Katoli\u010dkoj crkvi\u00ab<\/a>, <em>Obnovljeni \u017eivot <\/em>80\/2 (2025), 151\u2013161.<\/p>\n\n\n\n<p>Bruno Matos, <a href=\"https:\/\/crophil.ifzg.hr\/wp-content\/uploads\/2024\/12\/Matos-Kriticka_promisljanja_Vilima_Keilbacha_o_genetickoj_etnopsihologiji_Wilhelma_Wundta.pdf\" target=\"_blank\" rel=\"noreferrer noopener\">\u00bbKriti\u010dka promi\u0161ljanja Vilima Keilbacha o geneti\u010dkoj etnopsihologiji Wilhelma Wundta u suvremenom kontekstu psihologije religije\u00ab<\/a>, <em>Prilozi za istra\u017eivanje hrvatske filozofske ba\u0161tine<\/em> 50\/2(100) (2024), 555\u2013577.<br><br>Bojan Marotti, <a href=\"https:\/\/crophil.ifzg.hr\/wp-content\/uploads\/2024\/11\/Bojan_Marotti-Markovic_i_Arnold.pdf\" data-type=\"link\" data-id=\"https:\/\/crophil.ifzg.hr\/wp-content\/uploads\/2024\/11\/Bojan_Marotti-Markovic_i_Arnold.pdf\" target=\"_blank\" rel=\"noreferrer noopener\">\u00bbUsporedba Markovi\u0107eva i Arnoldova rektorskoga govora\u00ab<\/a>, u Berislav Podrug (ur.), <em>Filozofijsko djelo Gjure Arnolda<\/em>, Matica hrvatska Sisak, Sisak, 2024., 11\u201336.<\/p>\n\n\n\n<p>Ivan Macut, <a href=\"https:\/\/hrcak.srce.hr\/file\/460129\" data-type=\"link\" data-id=\"https:\/\/hrcak.srce.hr\/file\/460129\" target=\"_blank\" rel=\"noreferrer noopener\">\u00bbFilozof Stjepan Zimmermann o Isusu Kristu\u00ab<\/a>, <em>Obnovljeni \u017eivot<\/em> 79\/3 (2024), 309\u2013317.<\/p>\n\n\n\n<p>Ivan Macut, <a href=\"https:\/\/content.ifzg.hr\/prilozi\/99\/05-Macut-Moralna_filozofija_u_djelima_Stjepana_Zimmermanna-teisticko_utemeljenje_moralnosti.pdf\" target=\"_blank\" rel=\"noreferrer noopener\">\u00bbMoralna filozofija u djelima Stjepana Zimmermanna: teisti\u010dko utemeljenje moralnosti\u00ab<\/a>, <em>Prilozi za istra\u017eivanje hrvatske filozofske ba\u0161tine<\/em> 50\/1(99) (2024), 77\u201389.<\/p>\n\n\n\n<p>Ivan Macut, <a href=\"https:\/\/content.ifzg.hr\/prilozi\/99\/11-Nad-Logika_u_zivotu.pdf\" target=\"_blank\" rel=\"noreferrer noopener\">\u00bbAlbin Na\u0111, <em>Logika u \u017eivotu<\/em>, preveo i bilje\u0161kama popratio Ivan Macut\u00ab<\/a>, <em>Prilozi za istra\u017eivanje hrvatske filozofske ba\u0161tine<\/em> 50\/1(99) (2024), 331\u2013339.<\/p>\n\n\n\n<p>Ivana Skuhala Karasman, <a href=\"https:\/\/content.ifzg.hr\/prilozi\/99\/14-Skuhala_Karasman-Iz_povijesti_Instituta_za_filozofiju-program_Hrvatska_filozofska_bastina_Vladimira_Filipovica.pdf\" target=\"_blank\" rel=\"noreferrer noopener\">\u00bbIz povijesti Instituta za filozofiju: program Hrvatska filozofska ba\u0161tina Vladimira Filipovi\u0107a\u00ab<\/a>, <em>Prilozi za istra\u017eivanje hrvatske filozofske ba\u0161tine<\/em> 50\/1(99) (2024), 363\u2013367.<\/p>\n\n\n\n<p>Ivan Macut, <a href=\"https:\/\/content.ifzg.hr\/prilozi\/99\/17-Macut-Teofil_Josip_Harapin-Poviest_filozofije_staroga_vieka.pdf\" target=\"_blank\" rel=\"noreferrer noopener\">\u00bbTeofil Josip Harapin, Poviest filozofije staroga vieka (Zagreb: Hrvatska franjeva\u010dka provincija sv. \u0106irila i Metoda \u2013 Katoli\u010dki bogoslovni fakultet Sveu\u010dili\u0161ta u Zagrebu \u2013 Kr\u0161\u0107anska sada\u0161njost, 2023), 687 pp.\u00ab<\/a>, <em>Prilozi za istra\u017eivanje hrvatske filozofske ba\u0161tine<\/em> 50\/1(99) (2024), 381\u2013367.<\/p>\n\n\n\n<p>Dario \u0160karica, <a href=\"https:\/\/crophil.ifzg.hr\/wp-content\/uploads\/2024\/03\/Skarica-Mercierova_kritika_moderne_formulacije_spoznajnog_problema-2024.pdf\" data-type=\"link\" data-id=\"https:\/\/crophil.ifzg.hr\/wp-content\/uploads\/2024\/03\/Skarica-Mercierova_kritika_moderne_formulacije_spoznajnog_problema-2024.pdf\" target=\"_blank\" rel=\"noreferrer noopener\">\u00bbMercierova kritika moderne formulacije spoznajnog problema\u00ab<\/a>, <em>Crkva u svijetu<\/em> 59\/1 (2024), 15-36.<\/p>\n","protected":false},"excerpt":{"rendered":"<p>Ivan Macut, Albino Nagy, Institut za filozofiju, Zagreb, 2025. Dario \u0160karica, \u00bbMercierova formulacija spoznajnog problema\u00ab, Crkva u svijetu\u00a060(4) (2025), 679\u2013700. Ivan Macut, Ivana Skuhala Karasman, \u00bbBergsonova koncepcija kr\u0161\u0107anstva u interpretaciji hrvatskoga filozofa \u0110ure Gra\u010danina\u00ab, Obnovljeni \u017divot: \u010dasopis za filozofiju i religijske znanosti\u00a081(1) (2026), 31\u201341. Ivan Macut, \u201cArgumentation of the Philosopher Franjo \u0160anc&nbsp;on the Problem of [&hellip;]<\/p>\n","protected":false},"author":2,"featured_media":0,"parent":0,"menu_order":0,"comment_status":"closed","ping_status":"closed","template":"","meta":{"footnotes":""},"class_list":["post-271","page","type-page","status-publish","hentry"],"_links":{"self":[{"href":"https:\/\/crophil.ifzg.hr\/index.php\/wp-json\/wp\/v2\/pages\/271","targetHints":{"allow":["GET"]}}],"collection":[{"href":"https:\/\/crophil.ifzg.hr\/index.php\/wp-json\/wp\/v2\/pages"}],"about":[{"href":"https:\/\/crophil.ifzg.hr\/index.php\/wp-json\/wp\/v2\/types\/page"}],"author":[{"embeddable":true,"href":"https:\/\/crophil.ifzg.hr\/index.php\/wp-json\/wp\/v2\/users\/2"}],"replies":[{"embeddable":true,"href":"https:\/\/crophil.ifzg.hr\/index.php\/wp-json\/wp\/v2\/comments?post=271"}],"version-history":[{"count":26,"href":"https:\/\/crophil.ifzg.hr\/index.php\/wp-json\/wp\/v2\/pages\/271\/revisions"}],"predecessor-version":[{"id":678,"href":"https:\/\/crophil.ifzg.hr\/index.php\/wp-json\/wp\/v2\/pages\/271\/revisions\/678"}],"wp:attachment":[{"href":"https:\/\/crophil.ifzg.hr\/index.php\/wp-json\/wp\/v2\/media?parent=271"}],"curies":[{"name":"wp","href":"https:\/\/api.w.org\/{rel}","templated":true}]}}