{"id":345,"date":"2024-01-19T22:04:07","date_gmt":"2024-01-19T22:04:07","guid":{"rendered":"https:\/\/crophil.ifzg.hr\/?page_id=345"},"modified":"2025-03-17T14:48:38","modified_gmt":"2025-03-17T14:48:38","slug":"collaborators","status":"publish","type":"page","link":"https:\/\/crophil.ifzg.hr\/index.php\/collaborators\/","title":{"rendered":"Collaborators"},"content":{"rendered":"\n<div class=\"wp-block-columns is-layout-flex wp-container-core-columns-is-layout-28f84493 wp-block-columns-is-layout-flex\">\n<div class=\"wp-block-column is-layout-flow wp-block-column-is-layout-flow\"><h2 class=\"wp-block-post-title\">Collaborators<\/h2><\/div>\n\n\n\n<div class=\"wp-block-column is-layout-flow wp-block-column-is-layout-flow\">\n<div class=\"wp-block-buttons is-content-justification-right is-layout-flex wp-container-core-buttons-is-layout-d445cf74 wp-block-buttons-is-layout-flex\">\n<div class=\"wp-block-button\"><a class=\"wp-block-button__link wp-element-button\" href=\"https:\/\/crophil.ifzg.hr\/index.php\/suradnici\/\">Suradnici<\/a><\/div>\n<\/div>\n<\/div>\n<\/div>\n\n\n\n<p><a href=\"https:\/\/www.ifzg.hr\/ustroj\/svi_zaposlenici_instituta_za_filozofiju\/skuhala_karasman-bibliografija\/\" data-type=\"link\" data-id=\"https:\/\/www.ifzg.hr\/ustroj\/svi_zaposlenici_instituta_za_filozofiju\/skuhala_karasman-bibliografija\/\" target=\"_blank\" rel=\"noreferrer noopener\">dr. sc. Ivana Skuhala Karasman<\/a> (Project Director)<br>Institute of Philosophy, Zagreb<\/p>\n\n\n\n<p><a href=\"https:\/\/www.croris.hr\/osobe\/profil\/15907\" data-type=\"link\" data-id=\"https:\/\/www.croris.hr\/osobe\/profil\/15907\" target=\"_blank\" rel=\"noreferrer noopener\">dr. sc. Luka Bor\u0161i\u0107<\/a><br>Institute of Philosophy, Zagreb<\/p>\n\n\n\n<p><a href=\"https:\/\/www.kbf.unizg.hr\/profesor\/izv-prof-dr-sc-alojz-cubelic\/\" target=\"_blank\" rel=\"noreferrer noopener\">izv. prof. dr. sc. Alojz \u0106ubeli\u0107<\/a><br>Catholic Faculty of Theology, University of Zagreb<\/p>\n\n\n\n<p><a href=\"https:\/\/www.ifzg.hr\/ustroj\/svi_zaposlenici_instituta_za_filozofiju\/ana_grgic-zivotopis\/\" data-type=\"link\" data-id=\"https:\/\/www.ifzg.hr\/djelatnici\/ana_grgic-zivotopis\/\" target=\"_blank\" rel=\"noreferrer noopener\">dr. sc. Ana Grgi\u0107<\/a><br>Institute of Philosophy, Zagreb<\/p>\n\n\n\n<p><a href=\"https:\/\/www.ifzg.hr\/~bkoznjak\/index.htm\" data-type=\"link\" data-id=\"https:\/\/www.ifzg.hr\/djelatnici\/koznjak-bibliografija\/\" target=\"_blank\" rel=\"noreferrer noopener\">dr. sc. Boris Ko\u017enjak<\/a><br>Institute of Philosophy, Zagreb<\/p>\n\n\n\n<p><a href=\"https:\/\/www.croris.hr\/osobe\/profil\/32124\" data-type=\"link\" data-id=\"https:\/\/www.croris.hr\/osobe\/profil\/32124\" target=\"_blank\" rel=\"noreferrer noopener\">doc. dr. sc. Ivan Macut<\/a><br><br><a href=\"https:\/\/www.matica.hr\/knjige\/autor\/631\/\" data-type=\"link\" data-id=\"https:\/\/www.matica.hr\/knjige\/autor\/631\/\" target=\"_blank\" rel=\"noreferrer noopener\">dr. sc. Bojan Marotti<\/a><\/p>\n\n\n\n<p><a href=\"https:\/\/www.croris.hr\/osobe\/profil\/34314\" target=\"_blank\" rel=\"noreferrer noopener\">dr. sc. Bruno Matos<\/a><br>Faculty of philosophy and religious Studies, University of Zagreb<\/p>\n\n\n\n<p><a href=\"https:\/\/www.ifzg.hr\/ustroj\/svi_zaposlenici_instituta_za_filozofiju\/skarica-bibliografija\/\" data-type=\"link\" data-id=\"https:\/\/www.ifzg.hr\/djelatnici\/skarica-bibliografija\/\" target=\"_blank\" rel=\"noreferrer noopener\">dr. sc. Dario \u0160karica<\/a><br>Institute of Philosophy, Zagreb<\/p>\n\n\n\n<p><a href=\"https:\/\/www.ifzg.hr\/ustroj\/svi_zaposlenici_instituta_za_filozofiju\/segedin-bibliografija\/\" data-type=\"link\" data-id=\"https:\/\/www.ifzg.hr\/djelatnici\/segedin-bibliografija\/\" target=\"_blank\" rel=\"noreferrer noopener\">dr. sc. Petar \u0160egedin<\/a><br>Institute of Philosophy, Zagreb<\/p>\n\n\n\n<p><a href=\"https:\/\/www.ufzg.unizg.hr\/zaposlenici\/tomic-drazenko\/\" target=\"_blank\" rel=\"noreferrer noopener\">dr. sc. Dra\u017eenko Tomi\u0107<\/a><br>Faculty of Teacher Education, University of Zagreb<\/p>\n","protected":false},"excerpt":{"rendered":"<p>dr. sc. Ivana Skuhala Karasman (Project Director)Institute of Philosophy, Zagreb dr. sc. Luka Bor\u0161i\u0107Institute of Philosophy, Zagreb izv. prof. dr. sc. Alojz \u0106ubeli\u0107Catholic Faculty of Theology, University of Zagreb dr. sc. Ana Grgi\u0107Institute of Philosophy, Zagreb dr. sc. Boris Ko\u017enjakInstitute of Philosophy, Zagreb doc. dr. sc. Ivan Macut dr. sc. Bojan Marotti dr. sc. Bruno [&hellip;]<\/p>\n","protected":false},"author":2,"featured_media":0,"parent":0,"menu_order":0,"comment_status":"closed","ping_status":"closed","template":"","meta":{"footnotes":""},"class_list":["post-345","page","type-page","status-publish","hentry"],"_links":{"self":[{"href":"https:\/\/crophil.ifzg.hr\/index.php\/wp-json\/wp\/v2\/pages\/345","targetHints":{"allow":["GET"]}}],"collection":[{"href":"https:\/\/crophil.ifzg.hr\/index.php\/wp-json\/wp\/v2\/pages"}],"about":[{"href":"https:\/\/crophil.ifzg.hr\/index.php\/wp-json\/wp\/v2\/types\/page"}],"author":[{"embeddable":true,"href":"https:\/\/crophil.ifzg.hr\/index.php\/wp-json\/wp\/v2\/users\/2"}],"replies":[{"embeddable":true,"href":"https:\/\/crophil.ifzg.hr\/index.php\/wp-json\/wp\/v2\/comments?post=345"}],"version-history":[{"count":10,"href":"https:\/\/crophil.ifzg.hr\/index.php\/wp-json\/wp\/v2\/pages\/345\/revisions"}],"predecessor-version":[{"id":564,"href":"https:\/\/crophil.ifzg.hr\/index.php\/wp-json\/wp\/v2\/pages\/345\/revisions\/564"}],"wp:attachment":[{"href":"https:\/\/crophil.ifzg.hr\/index.php\/wp-json\/wp\/v2\/media?parent=345"}],"curies":[{"name":"wp","href":"https:\/\/api.w.org\/{rel}","templated":true}]}}